{"id":245,"date":"2016-02-25T07:58:26","date_gmt":"2016-02-25T07:58:26","guid":{"rendered":"http:\/\/127.0.0.1\/hecho\/commitment\/?lang=en"},"modified":"2018-03-16T14:39:49","modified_gmt":"2018-03-16T14:39:49","slug":"commitment","status":"publish","type":"page","link":"https:\/\/www.hechobags.com\/en\/commitment\/","title":{"rendered":"Commitment"},"content":{"rendered":"<section class=\"wpb-content-wrapper\"><p>[vc_row][vc_column][vc_column_text]<\/p>\n<h1 style=\"text-align: center;\">Fair &amp; Sozial<\/h1>\n<p><img loading=\"lazy\" class=\" wp-image-2242 alignright\" src=\"https:\/\/www.hechobags.com\/wp-content\/uploads\/2018\/03\/DSC04905-300x200.jpg\" alt=\"\" width=\"329\" height=\"219\" srcset=\"https:\/\/www.hechobags.com\/wp-content\/uploads\/2018\/03\/DSC04905-300x200.jpg 300w, https:\/\/www.hechobags.com\/wp-content\/uploads\/2018\/03\/DSC04905-350x233.jpg 350w, https:\/\/www.hechobags.com\/wp-content\/uploads\/2018\/03\/DSC04905-595x397.jpg 595w, https:\/\/www.hechobags.com\/wp-content\/uploads\/2018\/03\/DSC04905-768x512.jpg 768w, https:\/\/www.hechobags.com\/wp-content\/uploads\/2018\/03\/DSC04905-1024x683.jpg 1024w, https:\/\/www.hechobags.com\/wp-content\/uploads\/2018\/03\/DSC04905-680x453.jpg 680w\" sizes=\"(max-width: 329px) 100vw, 329px\" \/><\/p>\n<p>Der wesentlichste Aspekt unseres Projektes ist die Zusammenarbeit mit kleinen Familienbetrieben, zu denen wir ein sehr pers\u00f6nliches Verh\u00e4ltnis pflegen. Aktuell arbeiten wir mit zwei verschiedenen Familien aus unterschiedlichen Regionen Mexikos zusammen. Keine unserer Familien besch\u00e4ftigt derzeit mehr als 8 Mitarbeiter.<\/p>\n<p>Die F\u00f6rderung und Forderung dieser Familien sowie die Wertsch\u00e4tzung deren Handwerks stehen f\u00fcr uns an erster Stelle. Sie sind wesentlicher Bestandteil unseres Team und werden auch dementsprechend behandelt. Eine faire Entlohnung ist hierbei selbstverst\u00e4ndlich.[\/vc_column_text][\/vc_column][\/vc_row][vc_row][vc_column][vc_empty_space height=&#8221;50px&#8221;][\/vc_column][\/vc_row][vc_row][vc_column][vc_column_text]<\/p>\n<h1 style=\"text-align: center;\">Handarbeit<\/h1>\n<p><img loading=\"lazy\" class=\"size-medium wp-image-2247 alignright\" src=\"https:\/\/www.hechobags.com\/wp-content\/uploads\/2018\/03\/DSC04934-300x200.jpg\" alt=\"\" width=\"300\" height=\"200\" srcset=\"https:\/\/www.hechobags.com\/wp-content\/uploads\/2018\/03\/DSC04934-300x200.jpg 300w, https:\/\/www.hechobags.com\/wp-content\/uploads\/2018\/03\/DSC04934-350x233.jpg 350w, https:\/\/www.hechobags.com\/wp-content\/uploads\/2018\/03\/DSC04934-595x397.jpg 595w, https:\/\/www.hechobags.com\/wp-content\/uploads\/2018\/03\/DSC04934-768x512.jpg 768w, https:\/\/www.hechobags.com\/wp-content\/uploads\/2018\/03\/DSC04934-1024x683.jpg 1024w, https:\/\/www.hechobags.com\/wp-content\/uploads\/2018\/03\/DSC04934-680x453.jpg 680w\" sizes=\"(max-width: 300px) 100vw, 300px\" \/><img loading=\"lazy\" class=\"size-medium wp-image-2257 alignleft\" src=\"https:\/\/www.hechobags.com\/wp-content\/uploads\/2018\/03\/DSC04959-300x200.jpg\" alt=\"\" width=\"300\" height=\"200\" srcset=\"https:\/\/www.hechobags.com\/wp-content\/uploads\/2018\/03\/DSC04959-300x200.jpg 300w, https:\/\/www.hechobags.com\/wp-content\/uploads\/2018\/03\/DSC04959-350x233.jpg 350w, https:\/\/www.hechobags.com\/wp-content\/uploads\/2018\/03\/DSC04959-595x397.jpg 595w, https:\/\/www.hechobags.com\/wp-content\/uploads\/2018\/03\/DSC04959-768x512.jpg 768w, https:\/\/www.hechobags.com\/wp-content\/uploads\/2018\/03\/DSC04959-1024x683.jpg 1024w, https:\/\/www.hechobags.com\/wp-content\/uploads\/2018\/03\/DSC04959-680x453.jpg 680w\" sizes=\"(max-width: 300px) 100vw, 300px\" \/>Als Kunsthandwerker identifizieren sich unsere Familien durch Handarbeit mit ihrer Handwerk. \u00a0Sie verarbeitet das Leder auf eine klassische und traditionelle Weise. Die verwendeten Werkzeuge sind f\u00fcr die jeweiligen Regionen typisch, simpel und funktional. Von einem selbst gebauten Holzhammer bis hin zu einer handbetriebenen Singer N\u00e4hmaschine ist hier alles vertreten. An keiner Stelle ben\u00f6tigen wir f\u00fcr die Produktion elektrisch betriebenen Hilfsmittel &#8211; au\u00dfer f\u00fcr die Beleuchtung.\u00a0Mehr Handarbeit ist nicht m\u00f6glich.[\/vc_column_text][\/vc_column][\/vc_row][vc_row][vc_column][vc_empty_space height=&#8221;50px&#8221;][\/vc_column][\/vc_row][vc_row][vc_column][vc_column_text]<\/p>\n<h1 style=\"text-align: center;\">Qualit\u00e4t &amp; Haltbarkeit<\/h1>\n<p><img loading=\"lazy\" class=\"size-medium wp-image-2251 alignleft\" src=\"https:\/\/www.hechobags.com\/wp-content\/uploads\/2018\/03\/DSC04678-300x200.jpg\" alt=\"\" width=\"300\" height=\"200\" srcset=\"https:\/\/www.hechobags.com\/wp-content\/uploads\/2018\/03\/DSC04678-300x200.jpg 300w, https:\/\/www.hechobags.com\/wp-content\/uploads\/2018\/03\/DSC04678-350x233.jpg 350w, https:\/\/www.hechobags.com\/wp-content\/uploads\/2018\/03\/DSC04678-595x397.jpg 595w, https:\/\/www.hechobags.com\/wp-content\/uploads\/2018\/03\/DSC04678-768x512.jpg 768w, https:\/\/www.hechobags.com\/wp-content\/uploads\/2018\/03\/DSC04678-1024x683.jpg 1024w, https:\/\/www.hechobags.com\/wp-content\/uploads\/2018\/03\/DSC04678-680x453.jpg 680w\" sizes=\"(max-width: 300px) 100vw, 300px\" \/><\/p>\n<p>Sowohl bei unseren Werkstoffen, als auch bei deren Verarbeitung legen wir gro\u00dfen Wert auf h\u00f6chste Qualit\u00e4t. Unsere Taschen bestehen grunds\u00e4tzlich und ausschlie\u00dflich aus echtem Leder, mit einer Lederst\u00e4rke von ca. 2mm. Es gibt keine Stoffeins\u00e4tze und Verst\u00e4rkungen aus Plastik oder Karton, die die Lebenszeit von unseren Produkten verk\u00fcrzen k\u00f6nnten. Unsere hochwertigen Leder werden mit einem extrem robusten Faden sorgf\u00e4ltig vern\u00e4ht und halten somit bei ordentlicher Pflege ein Leben lang.[\/vc_column_text][\/vc_column][\/vc_row][vc_row][vc_column][vc_empty_space height=&#8221;50px&#8221;][\/vc_column][\/vc_row]<\/p>\n<\/section>","protected":false},"excerpt":{"rendered":"<p>[vc_row][vc_column][vc_column_text] Fair &amp; Sozial Der wesentlichste Aspekt unseres Projektes ist die Zusammenarbeit mit kleinen Familienbetrieben, zu denen wir ein sehr pers\u00f6nliches Verh\u00e4ltnis pflegen. Aktuell arbeiten wir mit zwei verschiedenen Familien aus unterschiedlichen Regionen Mexikos zusammen. Keine unserer Familien besch\u00e4ftigt derzeit mehr als 8 Mitarbeiter. Die F\u00f6rderung und Forderung dieser Familien sowie die Wertsch\u00e4tzung deren Handwerks &hellip;<\/p>\n","protected":false},"author":2,"featured_media":0,"parent":0,"menu_order":0,"comment_status":"closed","ping_status":"closed","template":"","meta":[],"yoast_head":"<!-- This site is optimized with the Yoast SEO plugin v19.8 - https:\/\/yoast.com\/wordpress\/plugins\/seo\/ -->\n<title>Commitment - hecho.<\/title>\n<meta name=\"robots\" content=\"index, follow, max-snippet:-1, max-image-preview:large, max-video-preview:-1\" \/>\n<link rel=\"canonical\" href=\"https:\/\/www.hechobags.com\/en\/commitment\/\" \/>\n<meta property=\"og:locale\" content=\"en_US\" \/>\n<meta property=\"og:type\" content=\"article\" \/>\n<meta property=\"og:title\" content=\"Commitment - hecho.\" \/>\n<meta property=\"og:description\" content=\"[vc_row][vc_column][vc_column_text] Fair &amp; Sozial Der wesentlichste Aspekt unseres Projektes ist die Zusammenarbeit mit kleinen Familienbetrieben, zu denen wir ein sehr pers\u00f6nliches Verh\u00e4ltnis pflegen. Aktuell arbeiten wir mit zwei verschiedenen Familien aus unterschiedlichen Regionen Mexikos zusammen. Keine unserer Familien besch\u00e4ftigt derzeit mehr als 8 Mitarbeiter. Die F\u00f6rderung und Forderung dieser Familien sowie die Wertsch\u00e4tzung deren Handwerks &hellip;\" \/>\n<meta property=\"og:url\" content=\"https:\/\/www.hechobags.com\/en\/commitment\/\" \/>\n<meta property=\"og:site_name\" content=\"hecho.\" \/>\n<meta property=\"article:modified_time\" content=\"2018-03-16T14:39:49+00:00\" \/>\n<meta property=\"og:image\" content=\"https:\/\/www.hechobags.com\/wp-content\/uploads\/2018\/03\/DSC04905-300x200.jpg\" \/>\n<meta name=\"twitter:card\" content=\"summary_large_image\" \/>\n<meta name=\"twitter:label1\" content=\"Est. reading time\" \/>\n\t<meta name=\"twitter:data1\" content=\"2 minutes\" \/>\n<script type=\"application\/ld+json\" class=\"yoast-schema-graph\">{\"@context\":\"https:\/\/schema.org\",\"@graph\":[{\"@type\":\"WebPage\",\"@id\":\"https:\/\/www.hechobags.com\/en\/commitment\/\",\"url\":\"https:\/\/www.hechobags.com\/en\/commitment\/\",\"name\":\"Commitment - hecho.\",\"isPartOf\":{\"@id\":\"https:\/\/www.hechobags.com\/#website\"},\"datePublished\":\"2016-02-25T07:58:26+00:00\",\"dateModified\":\"2018-03-16T14:39:49+00:00\",\"breadcrumb\":{\"@id\":\"https:\/\/www.hechobags.com\/en\/commitment\/#breadcrumb\"},\"inLanguage\":\"en-US\",\"potentialAction\":[{\"@type\":\"ReadAction\",\"target\":[\"https:\/\/www.hechobags.com\/en\/commitment\/\"]}]},{\"@type\":\"BreadcrumbList\",\"@id\":\"https:\/\/www.hechobags.com\/en\/commitment\/#breadcrumb\",\"itemListElement\":[{\"@type\":\"ListItem\",\"position\":1,\"name\":\"Home\",\"item\":\"https:\/\/www.hechobags.com\/en\/\"},{\"@type\":\"ListItem\",\"position\":2,\"name\":\"Commitment\"}]},{\"@type\":\"WebSite\",\"@id\":\"https:\/\/www.hechobags.com\/#website\",\"url\":\"https:\/\/www.hechobags.com\/\",\"name\":\"hecho.\",\"description\":\"off to great places\",\"potentialAction\":[{\"@type\":\"SearchAction\",\"target\":{\"@type\":\"EntryPoint\",\"urlTemplate\":\"https:\/\/www.hechobags.com\/?s={search_term_string}\"},\"query-input\":\"required name=search_term_string\"}],\"inLanguage\":\"en-US\"}]}<\/script>\n<!-- \/ Yoast SEO plugin. -->","yoast_head_json":{"title":"Commitment - hecho.","robots":{"index":"index","follow":"follow","max-snippet":"max-snippet:-1","max-image-preview":"max-image-preview:large","max-video-preview":"max-video-preview:-1"},"canonical":"https:\/\/www.hechobags.com\/en\/commitment\/","og_locale":"en_US","og_type":"article","og_title":"Commitment - hecho.","og_description":"[vc_row][vc_column][vc_column_text] Fair &amp; Sozial Der wesentlichste Aspekt unseres Projektes ist die Zusammenarbeit mit kleinen Familienbetrieben, zu denen wir ein sehr pers\u00f6nliches Verh\u00e4ltnis pflegen. Aktuell arbeiten wir mit zwei verschiedenen Familien aus unterschiedlichen Regionen Mexikos zusammen. Keine unserer Familien besch\u00e4ftigt derzeit mehr als 8 Mitarbeiter. Die F\u00f6rderung und Forderung dieser Familien sowie die Wertsch\u00e4tzung deren Handwerks &hellip;","og_url":"https:\/\/www.hechobags.com\/en\/commitment\/","og_site_name":"hecho.","article_modified_time":"2018-03-16T14:39:49+00:00","og_image":[{"url":"https:\/\/www.hechobags.com\/wp-content\/uploads\/2018\/03\/DSC04905-300x200.jpg"}],"twitter_card":"summary_large_image","twitter_misc":{"Est. reading time":"2 minutes"},"schema":{"@context":"https:\/\/schema.org","@graph":[{"@type":"WebPage","@id":"https:\/\/www.hechobags.com\/en\/commitment\/","url":"https:\/\/www.hechobags.com\/en\/commitment\/","name":"Commitment - hecho.","isPartOf":{"@id":"https:\/\/www.hechobags.com\/#website"},"datePublished":"2016-02-25T07:58:26+00:00","dateModified":"2018-03-16T14:39:49+00:00","breadcrumb":{"@id":"https:\/\/www.hechobags.com\/en\/commitment\/#breadcrumb"},"inLanguage":"en-US","potentialAction":[{"@type":"ReadAction","target":["https:\/\/www.hechobags.com\/en\/commitment\/"]}]},{"@type":"BreadcrumbList","@id":"https:\/\/www.hechobags.com\/en\/commitment\/#breadcrumb","itemListElement":[{"@type":"ListItem","position":1,"name":"Home","item":"https:\/\/www.hechobags.com\/en\/"},{"@type":"ListItem","position":2,"name":"Commitment"}]},{"@type":"WebSite","@id":"https:\/\/www.hechobags.com\/#website","url":"https:\/\/www.hechobags.com\/","name":"hecho.","description":"off to great places","potentialAction":[{"@type":"SearchAction","target":{"@type":"EntryPoint","urlTemplate":"https:\/\/www.hechobags.com\/?s={search_term_string}"},"query-input":"required name=search_term_string"}],"inLanguage":"en-US"}]}},"_links":{"self":[{"href":"https:\/\/www.hechobags.com\/en\/wp-json\/wp\/v2\/pages\/245"}],"collection":[{"href":"https:\/\/www.hechobags.com\/en\/wp-json\/wp\/v2\/pages"}],"about":[{"href":"https:\/\/www.hechobags.com\/en\/wp-json\/wp\/v2\/types\/page"}],"author":[{"embeddable":true,"href":"https:\/\/www.hechobags.com\/en\/wp-json\/wp\/v2\/users\/2"}],"replies":[{"embeddable":true,"href":"https:\/\/www.hechobags.com\/en\/wp-json\/wp\/v2\/comments?post=245"}],"version-history":[{"count":43,"href":"https:\/\/www.hechobags.com\/en\/wp-json\/wp\/v2\/pages\/245\/revisions"}],"predecessor-version":[{"id":2266,"href":"https:\/\/www.hechobags.com\/en\/wp-json\/wp\/v2\/pages\/245\/revisions\/2266"}],"wp:attachment":[{"href":"https:\/\/www.hechobags.com\/en\/wp-json\/wp\/v2\/media?parent=245"}],"curies":[{"name":"wp","href":"https:\/\/api.w.org\/{rel}","templated":true}]}}