{"id":282,"date":"2016-03-02T11:04:57","date_gmt":"2016-03-02T11:04:57","guid":{"rendered":"http:\/\/127.0.0.1\/hecho\/en\/?page_id=282"},"modified":"2016-03-02T11:04:57","modified_gmt":"2016-03-02T11:04:57","slug":"faq-and-leather-care","status":"publish","type":"page","link":"https:\/\/www.hechobags.com\/en\/faq-and-leather-care\/","title":{"rendered":"FAQ and leather care"},"content":{"rendered":"<section class=\"wpb-content-wrapper\"><p>[vc_row css=&#8221;.vc_custom_1456217771116{padding-top: 50px !important;}&#8221;][vc_column][vc_column_text]<\/p>\n<h2 style=\"text-align: justify;\">FAQ und Lederpflege<\/h2>\n<h3 style=\"text-align: justify;\">Lederpflege<\/h3>\n<p style=\"text-align: justify;\">Alle Hecho. Taschen sind frisch ge\u00f6lt und sollten darum im ersten Jahr nicht mit fetthaltigen Lederpflegeprodukten behandelt werden. Eine Pflegemilch tut dem Leder alle paar Monaten hingegen sehr gut und h\u00e4lt es glatt und geschmeidig.<\/p>\n<h3 style=\"text-align: justify;\">Reinigung<\/h3>\n<p style=\"text-align: justify;\">Babypfleget\u00fccher eigenen sich hervorragend zur Reinigung von Glattleder und das darin enthaltenen \u00d6l h\u00e4lt das Leder frisch und spendet Feuchtigkeit. Erh\u00e4ltlich f\u00fcr kleines Geld in jedem Drogeriemarkt!<\/p>\n<h3 style=\"text-align: justify;\">\u201eGebrauchsspuren\u201c?<\/h3>\n<p style=\"text-align: justify;\">Keine Sorge, Eure Hecho.-Tasche ist garantiert unbenutzt! Hecho. Taschen werden nicht auf einem Ponnyhof, sondern im Outback Zentralamerikas gefertigt. Sie sind daf\u00fcr gemacht, hart ran genommen zu werden und werden darum auch schon bei der Herstellung nicht mit Samthandschuhen angepackt!<\/p>\n<h3 style=\"text-align: justify;\">Die Farbe der Taschen ist nicht wie auf den Abbildungen?!<\/h3>\n<p style=\"text-align: justify;\">Keine der Hecho.-Taschen wurden auf den Fotos bearbeitet (Die Models hingegen schon) sondern vor dem Shooting einige Wochen benutz. Die meisten unserer Taschen sind nicht gef\u00e4rbt sondern ge\u00f6lt, die Farbe entwickelt sich dann ganz nat\u00fcrlich in der Sonne. Die neuen Taschen sind daher immer etwas heller \/ blasser als bereits getragene. Sonne tut ihnen wirklich gut!<\/p>\n<p>[\/vc_column_text][\/vc_column][\/vc_row]<\/p>\n<\/section>","protected":false},"excerpt":{"rendered":"<p>[vc_row css=&#8221;.vc_custom_1456217771116{padding-top: 50px !important;}&#8221;][vc_column][vc_column_text] FAQ und Lederpflege Lederpflege Alle Hecho. Taschen sind frisch ge\u00f6lt und sollten darum im ersten Jahr nicht mit fetthaltigen Lederpflegeprodukten behandelt werden. Eine Pflegemilch tut dem Leder alle paar Monaten hingegen sehr gut und h\u00e4lt es glatt und geschmeidig. Reinigung Babypfleget\u00fccher eigenen sich hervorragend zur Reinigung von Glattleder und das darin &hellip;<\/p>\n","protected":false},"author":2,"featured_media":0,"parent":0,"menu_order":0,"comment_status":"closed","ping_status":"closed","template":"","meta":[],"yoast_head":"<!-- This site is optimized with the Yoast SEO plugin v19.8 - https:\/\/yoast.com\/wordpress\/plugins\/seo\/ -->\n<title>FAQ and leather care - hecho.<\/title>\n<meta name=\"robots\" content=\"index, follow, max-snippet:-1, max-image-preview:large, max-video-preview:-1\" \/>\n<link rel=\"canonical\" href=\"https:\/\/www.hechobags.com\/en\/faq-and-leather-care\/\" \/>\n<meta property=\"og:locale\" content=\"en_US\" \/>\n<meta property=\"og:type\" content=\"article\" \/>\n<meta property=\"og:title\" content=\"FAQ and leather care - hecho.\" \/>\n<meta property=\"og:description\" content=\"[vc_row css=&#8221;.vc_custom_1456217771116{padding-top: 50px !important;}&#8221;][vc_column][vc_column_text] FAQ und Lederpflege Lederpflege Alle Hecho. Taschen sind frisch ge\u00f6lt und sollten darum im ersten Jahr nicht mit fetthaltigen Lederpflegeprodukten behandelt werden. Eine Pflegemilch tut dem Leder alle paar Monaten hingegen sehr gut und h\u00e4lt es glatt und geschmeidig. Reinigung Babypfleget\u00fccher eigenen sich hervorragend zur Reinigung von Glattleder und das darin &hellip;\" \/>\n<meta property=\"og:url\" content=\"https:\/\/www.hechobags.com\/en\/faq-and-leather-care\/\" \/>\n<meta property=\"og:site_name\" content=\"hecho.\" \/>\n<meta name=\"twitter:card\" content=\"summary_large_image\" \/>\n<meta name=\"twitter:label1\" content=\"Est. reading time\" \/>\n\t<meta name=\"twitter:data1\" content=\"1 minute\" \/>\n<script type=\"application\/ld+json\" class=\"yoast-schema-graph\">{\"@context\":\"https:\/\/schema.org\",\"@graph\":[{\"@type\":\"WebPage\",\"@id\":\"https:\/\/www.hechobags.com\/en\/faq-and-leather-care\/\",\"url\":\"https:\/\/www.hechobags.com\/en\/faq-and-leather-care\/\",\"name\":\"FAQ and leather care - hecho.\",\"isPartOf\":{\"@id\":\"https:\/\/www.hechobags.com\/#website\"},\"datePublished\":\"2016-03-02T11:04:57+00:00\",\"dateModified\":\"2016-03-02T11:04:57+00:00\",\"breadcrumb\":{\"@id\":\"https:\/\/www.hechobags.com\/en\/faq-and-leather-care\/#breadcrumb\"},\"inLanguage\":\"en-US\",\"potentialAction\":[{\"@type\":\"ReadAction\",\"target\":[\"https:\/\/www.hechobags.com\/en\/faq-and-leather-care\/\"]}]},{\"@type\":\"BreadcrumbList\",\"@id\":\"https:\/\/www.hechobags.com\/en\/faq-and-leather-care\/#breadcrumb\",\"itemListElement\":[{\"@type\":\"ListItem\",\"position\":1,\"name\":\"Home\",\"item\":\"https:\/\/www.hechobags.com\/en\/\"},{\"@type\":\"ListItem\",\"position\":2,\"name\":\"FAQ and leather care\"}]},{\"@type\":\"WebSite\",\"@id\":\"https:\/\/www.hechobags.com\/#website\",\"url\":\"https:\/\/www.hechobags.com\/\",\"name\":\"hecho.\",\"description\":\"off to great places\",\"potentialAction\":[{\"@type\":\"SearchAction\",\"target\":{\"@type\":\"EntryPoint\",\"urlTemplate\":\"https:\/\/www.hechobags.com\/?s={search_term_string}\"},\"query-input\":\"required name=search_term_string\"}],\"inLanguage\":\"en-US\"}]}<\/script>\n<!-- \/ Yoast SEO plugin. -->","yoast_head_json":{"title":"FAQ and leather care - hecho.","robots":{"index":"index","follow":"follow","max-snippet":"max-snippet:-1","max-image-preview":"max-image-preview:large","max-video-preview":"max-video-preview:-1"},"canonical":"https:\/\/www.hechobags.com\/en\/faq-and-leather-care\/","og_locale":"en_US","og_type":"article","og_title":"FAQ and leather care - hecho.","og_description":"[vc_row css=&#8221;.vc_custom_1456217771116{padding-top: 50px !important;}&#8221;][vc_column][vc_column_text] FAQ und Lederpflege Lederpflege Alle Hecho. Taschen sind frisch ge\u00f6lt und sollten darum im ersten Jahr nicht mit fetthaltigen Lederpflegeprodukten behandelt werden. Eine Pflegemilch tut dem Leder alle paar Monaten hingegen sehr gut und h\u00e4lt es glatt und geschmeidig. Reinigung Babypfleget\u00fccher eigenen sich hervorragend zur Reinigung von Glattleder und das darin &hellip;","og_url":"https:\/\/www.hechobags.com\/en\/faq-and-leather-care\/","og_site_name":"hecho.","twitter_card":"summary_large_image","twitter_misc":{"Est. reading time":"1 minute"},"schema":{"@context":"https:\/\/schema.org","@graph":[{"@type":"WebPage","@id":"https:\/\/www.hechobags.com\/en\/faq-and-leather-care\/","url":"https:\/\/www.hechobags.com\/en\/faq-and-leather-care\/","name":"FAQ and leather care - hecho.","isPartOf":{"@id":"https:\/\/www.hechobags.com\/#website"},"datePublished":"2016-03-02T11:04:57+00:00","dateModified":"2016-03-02T11:04:57+00:00","breadcrumb":{"@id":"https:\/\/www.hechobags.com\/en\/faq-and-leather-care\/#breadcrumb"},"inLanguage":"en-US","potentialAction":[{"@type":"ReadAction","target":["https:\/\/www.hechobags.com\/en\/faq-and-leather-care\/"]}]},{"@type":"BreadcrumbList","@id":"https:\/\/www.hechobags.com\/en\/faq-and-leather-care\/#breadcrumb","itemListElement":[{"@type":"ListItem","position":1,"name":"Home","item":"https:\/\/www.hechobags.com\/en\/"},{"@type":"ListItem","position":2,"name":"FAQ and leather care"}]},{"@type":"WebSite","@id":"https:\/\/www.hechobags.com\/#website","url":"https:\/\/www.hechobags.com\/","name":"hecho.","description":"off to great places","potentialAction":[{"@type":"SearchAction","target":{"@type":"EntryPoint","urlTemplate":"https:\/\/www.hechobags.com\/?s={search_term_string}"},"query-input":"required name=search_term_string"}],"inLanguage":"en-US"}]}},"_links":{"self":[{"href":"https:\/\/www.hechobags.com\/en\/wp-json\/wp\/v2\/pages\/282"}],"collection":[{"href":"https:\/\/www.hechobags.com\/en\/wp-json\/wp\/v2\/pages"}],"about":[{"href":"https:\/\/www.hechobags.com\/en\/wp-json\/wp\/v2\/types\/page"}],"author":[{"embeddable":true,"href":"https:\/\/www.hechobags.com\/en\/wp-json\/wp\/v2\/users\/2"}],"replies":[{"embeddable":true,"href":"https:\/\/www.hechobags.com\/en\/wp-json\/wp\/v2\/comments?post=282"}],"version-history":[{"count":1,"href":"https:\/\/www.hechobags.com\/en\/wp-json\/wp\/v2\/pages\/282\/revisions"}],"predecessor-version":[{"id":283,"href":"https:\/\/www.hechobags.com\/en\/wp-json\/wp\/v2\/pages\/282\/revisions\/283"}],"wp:attachment":[{"href":"https:\/\/www.hechobags.com\/en\/wp-json\/wp\/v2\/media?parent=282"}],"curies":[{"name":"wp","href":"https:\/\/api.w.org\/{rel}","templated":true}]}}