{"id":288,"date":"2016-03-02T11:06:34","date_gmt":"2016-03-02T11:06:34","guid":{"rendered":"http:\/\/127.0.0.1\/hecho\/en\/?page_id=288"},"modified":"2016-03-02T11:06:34","modified_gmt":"2016-03-02T11:06:34","slug":"legal-notice","status":"publish","type":"page","link":"https:\/\/www.hechobags.com\/en\/legal-notice\/","title":{"rendered":"legal notice"},"content":{"rendered":"<section class=\"wpb-content-wrapper\"><p>[vc_row css=&#8221;.vc_custom_1456217802036{padding-top: 5px !important;}&#8221;][vc_column][vc_column_text]<\/p>\n<h2 id=\"shop_imprint\" class=\"headline-300 active tab-active\" style=\"text-align: justify;\">Impressum<\/h2>\n<p style=\"text-align: justify;\">hecho.<br \/>\nAkazienweg 4a<br \/>\n41372 Niederkr\u00fcchten<\/p>\n<p style=\"text-align: justify;\">UStID: DE286213618<\/p>\n<p style=\"text-align: justify;\">Telefon: +49 (0) 163 7091986<br \/>\nTelefax: +49 (0) 2163 450028<br \/>\nE-Mail: info@hechobags.de<\/p>\n<p style=\"text-align: justify;\">Zur au\u00dfergerichtlichen Beilegung von verbraucherrechtlichen Streitigkeiten hat die Europ\u00e4ische Union eine Online-Plattform (\u201cOS-Plattform\u201d) initiiert:\u00a0<a href=\"http:\/\/ec.europa.eu\/consumers\/odr\/\" target=\"_blank\">http:\/\/ec.europa.eu\/consumers\/odr\/<\/a><\/p>\n<p>[\/vc_column_text][\/vc_column][\/vc_row]<\/p>\n<\/section>","protected":false},"excerpt":{"rendered":"<p>[vc_row css=&#8221;.vc_custom_1456217802036{padding-top: 5px !important;}&#8221;][vc_column][vc_column_text] Impressum hecho. Akazienweg 4a 41372 Niederkr\u00fcchten UStID: DE286213618 Telefon: +49 (0) 163 7091986 Telefax: +49 (0) 2163 450028 E-Mail: info@hechobags.de Zur au\u00dfergerichtlichen Beilegung von verbraucherrechtlichen Streitigkeiten hat die Europ\u00e4ische Union eine Online-Plattform (\u201cOS-Plattform\u201d) initiiert:\u00a0http:\/\/ec.europa.eu\/consumers\/odr\/ [\/vc_column_text][\/vc_column][\/vc_row]<\/p>\n","protected":false},"author":2,"featured_media":0,"parent":0,"menu_order":0,"comment_status":"closed","ping_status":"closed","template":"","meta":[],"yoast_head":"<!-- This site is optimized with the Yoast SEO plugin v19.8 - https:\/\/yoast.com\/wordpress\/plugins\/seo\/ -->\n<title>legal notice - hecho.<\/title>\n<meta name=\"robots\" content=\"index, follow, max-snippet:-1, max-image-preview:large, max-video-preview:-1\" \/>\n<link rel=\"canonical\" href=\"https:\/\/www.hechobags.com\/en\/legal-notice\/\" \/>\n<meta property=\"og:locale\" content=\"en_US\" \/>\n<meta property=\"og:type\" content=\"article\" \/>\n<meta property=\"og:title\" content=\"legal notice - hecho.\" \/>\n<meta property=\"og:description\" content=\"[vc_row css=&#8221;.vc_custom_1456217802036{padding-top: 5px !important;}&#8221;][vc_column][vc_column_text] Impressum hecho. Akazienweg 4a 41372 Niederkr\u00fcchten UStID: DE286213618 Telefon: +49 (0) 163 7091986 Telefax: +49 (0) 2163 450028 E-Mail: info@hechobags.de Zur au\u00dfergerichtlichen Beilegung von verbraucherrechtlichen Streitigkeiten hat die Europ\u00e4ische Union eine Online-Plattform (\u201cOS-Plattform\u201d) initiiert:\u00a0http:\/\/ec.europa.eu\/consumers\/odr\/ [\/vc_column_text][\/vc_column][\/vc_row]\" \/>\n<meta property=\"og:url\" content=\"https:\/\/www.hechobags.com\/en\/legal-notice\/\" \/>\n<meta property=\"og:site_name\" content=\"hecho.\" \/>\n<meta name=\"twitter:card\" content=\"summary_large_image\" \/>\n<script type=\"application\/ld+json\" class=\"yoast-schema-graph\">{\"@context\":\"https:\/\/schema.org\",\"@graph\":[{\"@type\":\"WebPage\",\"@id\":\"https:\/\/www.hechobags.com\/en\/legal-notice\/\",\"url\":\"https:\/\/www.hechobags.com\/en\/legal-notice\/\",\"name\":\"legal notice - hecho.\",\"isPartOf\":{\"@id\":\"https:\/\/www.hechobags.com\/#website\"},\"datePublished\":\"2016-03-02T11:06:34+00:00\",\"dateModified\":\"2016-03-02T11:06:34+00:00\",\"breadcrumb\":{\"@id\":\"https:\/\/www.hechobags.com\/en\/legal-notice\/#breadcrumb\"},\"inLanguage\":\"en-US\",\"potentialAction\":[{\"@type\":\"ReadAction\",\"target\":[\"https:\/\/www.hechobags.com\/en\/legal-notice\/\"]}]},{\"@type\":\"BreadcrumbList\",\"@id\":\"https:\/\/www.hechobags.com\/en\/legal-notice\/#breadcrumb\",\"itemListElement\":[{\"@type\":\"ListItem\",\"position\":1,\"name\":\"Home\",\"item\":\"https:\/\/www.hechobags.com\/en\/\"},{\"@type\":\"ListItem\",\"position\":2,\"name\":\"legal notice\"}]},{\"@type\":\"WebSite\",\"@id\":\"https:\/\/www.hechobags.com\/#website\",\"url\":\"https:\/\/www.hechobags.com\/\",\"name\":\"hecho.\",\"description\":\"off to great places\",\"potentialAction\":[{\"@type\":\"SearchAction\",\"target\":{\"@type\":\"EntryPoint\",\"urlTemplate\":\"https:\/\/www.hechobags.com\/?s={search_term_string}\"},\"query-input\":\"required name=search_term_string\"}],\"inLanguage\":\"en-US\"}]}<\/script>\n<!-- \/ Yoast SEO plugin. -->","yoast_head_json":{"title":"legal notice - hecho.","robots":{"index":"index","follow":"follow","max-snippet":"max-snippet:-1","max-image-preview":"max-image-preview:large","max-video-preview":"max-video-preview:-1"},"canonical":"https:\/\/www.hechobags.com\/en\/legal-notice\/","og_locale":"en_US","og_type":"article","og_title":"legal notice - hecho.","og_description":"[vc_row css=&#8221;.vc_custom_1456217802036{padding-top: 5px !important;}&#8221;][vc_column][vc_column_text] Impressum hecho. Akazienweg 4a 41372 Niederkr\u00fcchten UStID: DE286213618 Telefon: +49 (0) 163 7091986 Telefax: +49 (0) 2163 450028 E-Mail: info@hechobags.de Zur au\u00dfergerichtlichen Beilegung von verbraucherrechtlichen Streitigkeiten hat die Europ\u00e4ische Union eine Online-Plattform (\u201cOS-Plattform\u201d) initiiert:\u00a0http:\/\/ec.europa.eu\/consumers\/odr\/ [\/vc_column_text][\/vc_column][\/vc_row]","og_url":"https:\/\/www.hechobags.com\/en\/legal-notice\/","og_site_name":"hecho.","twitter_card":"summary_large_image","schema":{"@context":"https:\/\/schema.org","@graph":[{"@type":"WebPage","@id":"https:\/\/www.hechobags.com\/en\/legal-notice\/","url":"https:\/\/www.hechobags.com\/en\/legal-notice\/","name":"legal notice - hecho.","isPartOf":{"@id":"https:\/\/www.hechobags.com\/#website"},"datePublished":"2016-03-02T11:06:34+00:00","dateModified":"2016-03-02T11:06:34+00:00","breadcrumb":{"@id":"https:\/\/www.hechobags.com\/en\/legal-notice\/#breadcrumb"},"inLanguage":"en-US","potentialAction":[{"@type":"ReadAction","target":["https:\/\/www.hechobags.com\/en\/legal-notice\/"]}]},{"@type":"BreadcrumbList","@id":"https:\/\/www.hechobags.com\/en\/legal-notice\/#breadcrumb","itemListElement":[{"@type":"ListItem","position":1,"name":"Home","item":"https:\/\/www.hechobags.com\/en\/"},{"@type":"ListItem","position":2,"name":"legal notice"}]},{"@type":"WebSite","@id":"https:\/\/www.hechobags.com\/#website","url":"https:\/\/www.hechobags.com\/","name":"hecho.","description":"off to great places","potentialAction":[{"@type":"SearchAction","target":{"@type":"EntryPoint","urlTemplate":"https:\/\/www.hechobags.com\/?s={search_term_string}"},"query-input":"required name=search_term_string"}],"inLanguage":"en-US"}]}},"_links":{"self":[{"href":"https:\/\/www.hechobags.com\/en\/wp-json\/wp\/v2\/pages\/288"}],"collection":[{"href":"https:\/\/www.hechobags.com\/en\/wp-json\/wp\/v2\/pages"}],"about":[{"href":"https:\/\/www.hechobags.com\/en\/wp-json\/wp\/v2\/types\/page"}],"author":[{"embeddable":true,"href":"https:\/\/www.hechobags.com\/en\/wp-json\/wp\/v2\/users\/2"}],"replies":[{"embeddable":true,"href":"https:\/\/www.hechobags.com\/en\/wp-json\/wp\/v2\/comments?post=288"}],"version-history":[{"count":1,"href":"https:\/\/www.hechobags.com\/en\/wp-json\/wp\/v2\/pages\/288\/revisions"}],"predecessor-version":[{"id":289,"href":"https:\/\/www.hechobags.com\/en\/wp-json\/wp\/v2\/pages\/288\/revisions\/289"}],"wp:attachment":[{"href":"https:\/\/www.hechobags.com\/en\/wp-json\/wp\/v2\/media?parent=288"}],"curies":[{"name":"wp","href":"https:\/\/api.w.org\/{rel}","templated":true}]}}