{"id":271,"date":"2016-02-19T14:33:01","date_gmt":"2016-03-02T10:38:00","guid":{"rendered":"http:\/\/127.0.0.1\/hecho\/?post_type=product&#038;p=271&#038;lang=en"},"modified":"2026-04-17T04:28:27","modified_gmt":"2026-04-17T04:28:27","slug":"hecho-leather-backpack-marco-xl-35l","status":"publish","type":"product","link":"https:\/\/www.hechobags.com\/en\/produkt\/hecho-leather-backpack-marco-xl-35l\/","title":{"rendered":"HECHO leather backpack &#8220;Marco&#8221; (XL, 35L)"},"content":{"rendered":"<div class=\"translated user-markdown\">\n<h3>Herstellung<\/h3>\n<ul>\n<li>gefertigt in einem kleinen Familienbetrieb in Zentralamerika<\/li>\n<li>in kleiner St\u00fcckzahl und liebevoller Handarbeit<\/li>\n<\/ul>\n<h3><\/h3>\n<h3>Material<\/h3>\n<ul>\n<li>innen und au\u00dfen 100% echtes Leder<\/li>\n<li>pflanzlich (vegetabil) gegerbtes Leder<\/li>\n<li>Gerbstoff: Mimosarinde<\/li>\n<li>Oberfl\u00e4chenbehandlung: Naturbelassen und ge\u00f6lt<\/li>\n<\/ul>\n<h3><\/h3>\n<h3>Ma\u00dfe<\/h3>\n<ul>\n<li>Gr\u00f6\u00dfe: 47 x 40 x 28 cm (H,B,T)<\/li>\n<li>Fassungsverm\u00f6gen: ca. 35 Liter<\/li>\n<li>Gewicht: ca. 1,8 kg<\/li>\n<li>Fronttasche: 18 x 24 x 7 cm<\/li>\n<li>Seitentaschen: 17 x 12 x 5 cm<\/li>\n<\/ul>\n<h3><\/h3>\n<h3>Ausstattung<\/h3>\n<ul>\n<li>1 gro\u00dfes Innenfach<\/li>\n<li>2 verstellbare Schulterriemen<\/li>\n<li>1 Fronttasche mit Dornschlie\u00dfe<\/li>\n<li>2 Seitentaschen mit Dornschlie\u00dfe<\/li>\n<\/ul>\n<h3><\/h3>\n<h3>Bonus<\/h3>\n<ul>\n<li>deutschlandweit kostenloser Hin- und R\u00fcckversand<\/li>\n<li>inklusive Turnbeutel &#8220;off to great places&#8221;<\/li>\n<\/ul>\n<\/div>\n<div class=\"attribute-group\"><\/div>\n","protected":false},"excerpt":{"rendered":"<p>Herstellung gefertigt in einem kleinen Familienbetrieb in Zentralamerika in kleiner St\u00fcckzahl und liebevoller Handarbeit Material innen und au\u00dfen 100% echtes Leder pflanzlich (vegetabil) gegerbtes Leder Gerbstoff: Mimosarinde Oberfl\u00e4chenbehandlung: Naturbelassen und ge\u00f6lt Ma\u00dfe Gr\u00f6\u00dfe: 47 x 40 x 28 cm (H,B,T) Fassungsverm\u00f6gen: ca. 35 Liter Gewicht: ca. 1,8 kg Fronttasche: 18 x 24 x 7 cm &hellip;<\/p>\n","protected":false},"featured_media":842,"comment_status":"open","ping_status":"closed","template":"","meta":[],"product_cat":[58,61],"product_tag":[],"yoast_head":"<!-- This site is optimized with the Yoast SEO plugin v19.8 - https:\/\/yoast.com\/wordpress\/plugins\/seo\/ -->\n<title>HECHO leather backpack &quot;Marco&quot; (XL, 35L) - hecho.<\/title>\n<meta name=\"robots\" content=\"index, follow, max-snippet:-1, max-image-preview:large, max-video-preview:-1\" \/>\n<link rel=\"canonical\" href=\"https:\/\/www.hechobags.com\/en\/produkt\/hecho-leather-backpack-marco-xl-35l\/\" \/>\n<meta property=\"og:locale\" content=\"en_US\" \/>\n<meta property=\"og:type\" content=\"article\" \/>\n<meta property=\"og:title\" content=\"HECHO leather backpack &quot;Marco&quot; (XL, 35L) - hecho.\" \/>\n<meta property=\"og:description\" content=\"Herstellung gefertigt in einem kleinen Familienbetrieb in Zentralamerika in kleiner St\u00fcckzahl und liebevoller Handarbeit Material innen und au\u00dfen 100% echtes Leder pflanzlich (vegetabil) gegerbtes Leder Gerbstoff: Mimosarinde Oberfl\u00e4chenbehandlung: Naturbelassen und ge\u00f6lt Ma\u00dfe Gr\u00f6\u00dfe: 47 x 40 x 28 cm (H,B,T) Fassungsverm\u00f6gen: ca. 35 Liter Gewicht: ca. 1,8 kg Fronttasche: 18 x 24 x 7 cm &hellip;\" \/>\n<meta property=\"og:url\" content=\"https:\/\/www.hechobags.com\/en\/produkt\/hecho-leather-backpack-marco-xl-35l\/\" \/>\n<meta property=\"og:site_name\" content=\"hecho.\" \/>\n<meta property=\"article:modified_time\" content=\"2026-04-17T04:28:27+00:00\" \/>\n<meta property=\"og:image\" content=\"https:\/\/www.hechobags.com\/wp-content\/uploads\/2016\/02\/hecho_lederrucksack_marco_front.png\" \/>\n\t<meta property=\"og:image:width\" content=\"2376\" \/>\n\t<meta property=\"og:image:height\" content=\"1584\" \/>\n\t<meta property=\"og:image:type\" content=\"image\/png\" \/>\n<meta name=\"twitter:card\" content=\"summary_large_image\" \/>\n<script type=\"application\/ld+json\" class=\"yoast-schema-graph\">{\"@context\":\"https:\/\/schema.org\",\"@graph\":[{\"@type\":\"WebPage\",\"@id\":\"https:\/\/www.hechobags.com\/en\/produkt\/hecho-leather-backpack-marco-xl-35l\/\",\"url\":\"https:\/\/www.hechobags.com\/en\/produkt\/hecho-leather-backpack-marco-xl-35l\/\",\"name\":\"HECHO leather backpack \\\"Marco\\\" (XL, 35L) - hecho.\",\"isPartOf\":{\"@id\":\"https:\/\/www.hechobags.com\/#website\"},\"datePublished\":\"2016-03-02T10:38:00+00:00\",\"dateModified\":\"2026-04-17T04:28:27+00:00\",\"breadcrumb\":{\"@id\":\"https:\/\/www.hechobags.com\/en\/produkt\/hecho-leather-backpack-marco-xl-35l\/#breadcrumb\"},\"inLanguage\":\"en-US\",\"potentialAction\":[{\"@type\":\"ReadAction\",\"target\":[\"https:\/\/www.hechobags.com\/en\/produkt\/hecho-leather-backpack-marco-xl-35l\/\"]}]},{\"@type\":\"BreadcrumbList\",\"@id\":\"https:\/\/www.hechobags.com\/en\/produkt\/hecho-leather-backpack-marco-xl-35l\/#breadcrumb\",\"itemListElement\":[{\"@type\":\"ListItem\",\"position\":1,\"name\":\"Home\",\"item\":\"https:\/\/www.hechobags.com\/en\/\"},{\"@type\":\"ListItem\",\"position\":2,\"name\":\"Shop\",\"item\":\"https:\/\/www.hechobags.com\/en\/shop\/\"},{\"@type\":\"ListItem\",\"position\":3,\"name\":\"HECHO leather backpack &#8220;Marco&#8221; (XL, 35L)\"}]},{\"@type\":\"WebSite\",\"@id\":\"https:\/\/www.hechobags.com\/#website\",\"url\":\"https:\/\/www.hechobags.com\/\",\"name\":\"hecho.\",\"description\":\"off to great places\",\"potentialAction\":[{\"@type\":\"SearchAction\",\"target\":{\"@type\":\"EntryPoint\",\"urlTemplate\":\"https:\/\/www.hechobags.com\/?s={search_term_string}\"},\"query-input\":\"required name=search_term_string\"}],\"inLanguage\":\"en-US\"}]}<\/script>\n<!-- \/ Yoast SEO plugin. -->","yoast_head_json":{"title":"HECHO leather backpack \"Marco\" (XL, 35L) - hecho.","robots":{"index":"index","follow":"follow","max-snippet":"max-snippet:-1","max-image-preview":"max-image-preview:large","max-video-preview":"max-video-preview:-1"},"canonical":"https:\/\/www.hechobags.com\/en\/produkt\/hecho-leather-backpack-marco-xl-35l\/","og_locale":"en_US","og_type":"article","og_title":"HECHO leather backpack \"Marco\" (XL, 35L) - hecho.","og_description":"Herstellung gefertigt in einem kleinen Familienbetrieb in Zentralamerika in kleiner St\u00fcckzahl und liebevoller Handarbeit Material innen und au\u00dfen 100% echtes Leder pflanzlich (vegetabil) gegerbtes Leder Gerbstoff: Mimosarinde Oberfl\u00e4chenbehandlung: Naturbelassen und ge\u00f6lt Ma\u00dfe Gr\u00f6\u00dfe: 47 x 40 x 28 cm (H,B,T) Fassungsverm\u00f6gen: ca. 35 Liter Gewicht: ca. 1,8 kg Fronttasche: 18 x 24 x 7 cm &hellip;","og_url":"https:\/\/www.hechobags.com\/en\/produkt\/hecho-leather-backpack-marco-xl-35l\/","og_site_name":"hecho.","article_modified_time":"2026-04-17T04:28:27+00:00","og_image":[{"width":2376,"height":1584,"url":"https:\/\/www.hechobags.com\/wp-content\/uploads\/2016\/02\/hecho_lederrucksack_marco_front.png","type":"image\/png"}],"twitter_card":"summary_large_image","schema":{"@context":"https:\/\/schema.org","@graph":[{"@type":"WebPage","@id":"https:\/\/www.hechobags.com\/en\/produkt\/hecho-leather-backpack-marco-xl-35l\/","url":"https:\/\/www.hechobags.com\/en\/produkt\/hecho-leather-backpack-marco-xl-35l\/","name":"HECHO leather backpack \"Marco\" (XL, 35L) - hecho.","isPartOf":{"@id":"https:\/\/www.hechobags.com\/#website"},"datePublished":"2016-03-02T10:38:00+00:00","dateModified":"2026-04-17T04:28:27+00:00","breadcrumb":{"@id":"https:\/\/www.hechobags.com\/en\/produkt\/hecho-leather-backpack-marco-xl-35l\/#breadcrumb"},"inLanguage":"en-US","potentialAction":[{"@type":"ReadAction","target":["https:\/\/www.hechobags.com\/en\/produkt\/hecho-leather-backpack-marco-xl-35l\/"]}]},{"@type":"BreadcrumbList","@id":"https:\/\/www.hechobags.com\/en\/produkt\/hecho-leather-backpack-marco-xl-35l\/#breadcrumb","itemListElement":[{"@type":"ListItem","position":1,"name":"Home","item":"https:\/\/www.hechobags.com\/en\/"},{"@type":"ListItem","position":2,"name":"Shop","item":"https:\/\/www.hechobags.com\/en\/shop\/"},{"@type":"ListItem","position":3,"name":"HECHO leather backpack &#8220;Marco&#8221; (XL, 35L)"}]},{"@type":"WebSite","@id":"https:\/\/www.hechobags.com\/#website","url":"https:\/\/www.hechobags.com\/","name":"hecho.","description":"off to great places","potentialAction":[{"@type":"SearchAction","target":{"@type":"EntryPoint","urlTemplate":"https:\/\/www.hechobags.com\/?s={search_term_string}"},"query-input":"required name=search_term_string"}],"inLanguage":"en-US"}]}},"_links":{"self":[{"href":"https:\/\/www.hechobags.com\/en\/wp-json\/wp\/v2\/product\/271"}],"collection":[{"href":"https:\/\/www.hechobags.com\/en\/wp-json\/wp\/v2\/product"}],"about":[{"href":"https:\/\/www.hechobags.com\/en\/wp-json\/wp\/v2\/types\/product"}],"replies":[{"embeddable":true,"href":"https:\/\/www.hechobags.com\/en\/wp-json\/wp\/v2\/comments?post=271"}],"wp:featuredmedia":[{"embeddable":true,"href":"https:\/\/www.hechobags.com\/en\/wp-json\/wp\/v2\/media\/842"}],"wp:attachment":[{"href":"https:\/\/www.hechobags.com\/en\/wp-json\/wp\/v2\/media?parent=271"}],"wp:term":[{"taxonomy":"product_cat","embeddable":true,"href":"https:\/\/www.hechobags.com\/en\/wp-json\/wp\/v2\/product_cat?post=271"},{"taxonomy":"product_tag","embeddable":true,"href":"https:\/\/www.hechobags.com\/en\/wp-json\/wp\/v2\/product_tag?post=271"}],"curies":[{"name":"wp","href":"https:\/\/api.w.org\/{rel}","templated":true}]}}